{"id":5961,"date":"2025-04-28T07:45:49","date_gmt":"2025-04-28T07:45:49","guid":{"rendered":"https:\/\/netsah1948.com\/?page_id=5961"},"modified":"2025-04-28T11:22:33","modified_gmt":"2025-04-28T11:22:33","slug":"evenements","status":"publish","type":"page","link":"https:\/\/netsah1948.com\/en\/evenements\/","title":{"rendered":"Evenements"},"content":{"rendered":"<div data-elementor-type=\"wp-page\" data-elementor-id=\"5961\" class=\"elementor elementor-5961\">\n\t\t\t\t<div class=\"elementor-element elementor-element-2847797 e-con-full e-flex e-con e-parent\" data-id=\"2847797\" data-element_type=\"container\" data-e-type=\"container\">\n\t\t\t\t<div class=\"elementor-element elementor-element-5c7e6f7 elementor-widget elementor-widget-gva-posts\" data-id=\"5c7e6f7\" data-element_type=\"widget\" data-e-type=\"widget\" data-widget_type=\"gva-posts.default\">\n\t\t\t\t<div class=\"elementor-widget-container\">\n\t\t\t\t\t<div class=\"gva-element-gva-posts gva-element\">  \r\n  <div class=\"gva-posts-grid clearfix gva-posts\">\r\n      <div class=\"gva-content-items\"> \r\n        <div class=\"lg-block-grid-3 md-block-grid-2 sm-block-grid-2 xs-block-grid-1\">\r\n          \r\n<div class=\"item-columns all evenements news nos-actions\">\r\n   <article id=\"post-6226\" class=\"post post-6226 type-post status-publish format-gallery has-post-thumbnail hentry category-evenements category-news category-nos-actions post_format-post-format-gallery\">\r\n      <div class=\"post-thumbnail\">\r\n         <img fetchpriority=\"high\" decoding=\"async\" width=\"900\" height=\"900\" src=\"https:\/\/netsah1948.com\/wp-content\/uploads\/2025\/05\/Capture-decran-2025-05-02-a-16.03.55-1024x1024.png\" class=\"attachment-large size-large wp-post-image\" alt=\"YENTL &amp; Me \u2013 Confidence musicale &#8211; Lundi 23 Juin &#8211;  PALAIS DES GLACES \u00e0 Paris\" \/>      <\/div>   \r\n\r\n      <div class=\"entry-content\">\r\n         <div class=\"content-inner\">\r\n            \r\n            <h2 class=\"entry-title\"><a href=\"https:\/\/netsah1948.com\/en\/yentl-me-confidence-musicale-lundi-23-juin-palais-des-glaces-a-paris\/\" rel=\"bookmark\">YENTL &amp; Me - Musical Confidence - Monday, June 23 - PALAIS DES GLACES, Paris<\/a><\/h2>\r\n            \r\n            <div class=\"entry-meta\">\r\n                                <span class=\"cat-links\"><a href=\"https:\/\/netsah1948.com\/en\/category\/evenements\/\" rel=\"category tag\">Events<\/a>, <a href=\"https:\/\/netsah1948.com\/en\/category\/news\/\" rel=\"category tag\">News<\/a>, <a href=\"https:\/\/netsah1948.com\/en\/category\/nos-actions\/\" rel=\"category tag\">Our actions<\/a><\/span>\r\n                  <span class=\"line\"><\/span>\r\n                              <span class=\"entry-date\"><a href=\"https:\/\/netsah1948.com\/en\/yentl-me-confidence-musicale-lundi-23-juin-palais-des-glaces-a-paris\/\" rel=\"bookmark\"><time class=\"entry-date\" datetime=\"2025-05-02T14:42:36+00:00\">May 2, 2025<\/time><\/a><\/span>            <\/div> \r\n\r\n            <div class=\"entry-description\">\r\n               On Monday June 23, artist SHIREL will take to the stage at the PALAIS DES GLACES in Paris with her show \u00abYENTL &amp; Me - Confidence musicale\u00bb, a            <\/div>\r\n         <\/div>\r\n\r\n         <div class=\"read-more hidden\"><a class=\"btn-theme\" href=\"https:\/\/netsah1948.com\/en\/yentl-me-confidence-musicale-lundi-23-juin-palais-des-glaces-a-paris\/\">Read more<\/a><\/div>\r\n         \r\n      <\/div>\r\n   <\/article>   \r\n<\/div>\r\n\r\n  \r\n<div class=\"item-columns all evenements news\">\r\n   <article id=\"post-6193\" class=\"post post-6193 type-post status-publish format-gallery has-post-thumbnail hentry category-evenements category-news post_format-post-format-gallery\">\r\n      <div class=\"post-thumbnail\">\r\n         <img decoding=\"async\" width=\"900\" height=\"900\" src=\"https:\/\/netsah1948.com\/wp-content\/uploads\/2025\/04\/WhatsApp-Image-2025-04-30-at-15.41.53-1024x1024.jpeg\" class=\"attachment-large size-large wp-post-image\" alt=\"NETSAH sera pr\u00e9sent au congr\u00e8s annuel de l\u2019Amif\" \/>      <\/div>   \r\n\r\n      <div class=\"entry-content\">\r\n         <div class=\"content-inner\">\r\n            \r\n            <h2 class=\"entry-title\"><a href=\"https:\/\/netsah1948.com\/en\/netsah-sera-present-au-congres-annuel-de-lamif\/\" rel=\"bookmark\">NETSAH sera pr\u00e9sent au congr\u00e8s annuel de l\u2019Amif<\/a><\/h2>\r\n            \r\n            <div class=\"entry-meta\">\r\n                                <span class=\"cat-links\"><a href=\"https:\/\/netsah1948.com\/en\/category\/evenements\/\" rel=\"category tag\">Events<\/a>, <a href=\"https:\/\/netsah1948.com\/en\/category\/news\/\" rel=\"category tag\">News<\/a><\/span>\r\n                  <span class=\"line\"><\/span>\r\n                              <span class=\"entry-date\"><a href=\"https:\/\/netsah1948.com\/en\/netsah-sera-present-au-congres-annuel-de-lamif\/\" rel=\"bookmark\"><time class=\"entry-date\" datetime=\"2025-04-30T14:43:19+00:00\">April 30, 2025<\/time><\/a><\/span>            <\/div> \r\n\r\n            <div class=\"entry-description\">\r\n               NETSAH sera pr\u00e9sent au congr\u00e8s annuel de l\u2019Amif (Association des Medecins Isra\u00e9lites de France) en Isra\u00ebl en du 27\/30 mai 2025. \u00c0 c\u00f4t\u00e9 de grandes associations internationales nous pr\u00e9senterons NETSAH            <\/div>\r\n         <\/div>\r\n\r\n         <div class=\"read-more hidden\"><a class=\"btn-theme\" href=\"https:\/\/netsah1948.com\/en\/netsah-sera-present-au-congres-annuel-de-lamif\/\">Read more<\/a><\/div>\r\n         \r\n      <\/div>\r\n   <\/article>   \r\n<\/div>\r\n\r\n  \r\n<div class=\"item-columns all evenements nos-actions\">\r\n   <article id=\"post-6031\" class=\"post post-6031 type-post status-publish format-gallery has-post-thumbnail hentry category-evenements category-nos-actions post_format-post-format-gallery\">\r\n      <div class=\"post-thumbnail\">\r\n         <img decoding=\"async\" width=\"529\" height=\"294\" src=\"https:\/\/netsah1948.com\/wp-content\/uploads\/2025\/04\/Capture-decran-2025-04-30-a-09.21.20.png\" class=\"attachment-large size-large wp-post-image\" alt=\"Hanouccah 2024 Afula. Distribution de cadeaux aux enfants\" \/>      <\/div>   \r\n\r\n      <div class=\"entry-content\">\r\n         <div class=\"content-inner\">\r\n            \r\n            <h2 class=\"entry-title\"><a href=\"https:\/\/netsah1948.com\/en\/hanouccah-2024-afula-distribution-de-cadeaux-aux-enfants\/\" rel=\"bookmark\">Hanukkah 2024 Afula. Distribution of gifts to children<\/a><\/h2>\r\n            \r\n            <div class=\"entry-meta\">\r\n                                <span class=\"cat-links\"><a href=\"https:\/\/netsah1948.com\/en\/category\/evenements\/\" rel=\"category tag\">Events<\/a>, <a href=\"https:\/\/netsah1948.com\/en\/category\/nos-actions\/\" rel=\"category tag\">Our actions<\/a><\/span>\r\n                  <span class=\"line\"><\/span>\r\n                              <span class=\"entry-date\"><a href=\"https:\/\/netsah1948.com\/en\/hanouccah-2024-afula-distribution-de-cadeaux-aux-enfants\/\" rel=\"bookmark\"><time class=\"entry-date\" datetime=\"2025-04-30T07:26:05+00:00\">April 30, 2025<\/time><\/a><\/span>            <\/div> \r\n\r\n            <div class=\"entry-description\">\r\n               Hanukkah 2024 Afula. Distribution of gifts to children            <\/div>\r\n         <\/div>\r\n\r\n         <div class=\"read-more hidden\"><a class=\"btn-theme\" href=\"https:\/\/netsah1948.com\/en\/hanouccah-2024-afula-distribution-de-cadeaux-aux-enfants\/\">Read more<\/a><\/div>\r\n         \r\n      <\/div>\r\n   <\/article>   \r\n<\/div>\r\n\r\n  \r\n<div class=\"item-columns all evenements nos-actions\">\r\n   <article id=\"post-6024\" class=\"post post-6024 type-post status-publish format-gallery has-post-thumbnail hentry category-evenements category-nos-actions post_format-post-format-gallery\">\r\n      <div class=\"post-thumbnail\">\r\n         <img loading=\"lazy\" decoding=\"async\" width=\"466\" height=\"473\" src=\"https:\/\/netsah1948.com\/wp-content\/uploads\/2025\/04\/Capture-decran-2025-04-30-a-09.18.22.png\" class=\"attachment-large size-large wp-post-image\" alt=\"Les Kines du c\u0153ur que NETSAH aide depuis le 7 octobre 2023\" \/>      <\/div>   \r\n\r\n      <div class=\"entry-content\">\r\n         <div class=\"content-inner\">\r\n            \r\n            <h2 class=\"entry-title\"><a href=\"https:\/\/netsah1948.com\/en\/les-kines-du-coeur-que-netsah-aide-depuis-le-7-octobre-2023\/\" rel=\"bookmark\">The Heart Kines that NETSAH has been helping since October 7, 2023<\/a><\/h2>\r\n            \r\n            <div class=\"entry-meta\">\r\n                                <span class=\"cat-links\"><a href=\"https:\/\/netsah1948.com\/en\/category\/evenements\/\" rel=\"category tag\">Events<\/a>, <a href=\"https:\/\/netsah1948.com\/en\/category\/nos-actions\/\" rel=\"category tag\">Our actions<\/a><\/span>\r\n                  <span class=\"line\"><\/span>\r\n                              <span class=\"entry-date\"><a href=\"https:\/\/netsah1948.com\/en\/les-kines-du-coeur-que-netsah-aide-depuis-le-7-octobre-2023\/\" rel=\"bookmark\"><time class=\"entry-date\" datetime=\"2025-04-30T07:17:19+00:00\">April 30, 2025<\/time><\/a><\/span>            <\/div> \r\n\r\n            <div class=\"entry-description\">\r\n               The Heart Kines that NETSAH has been helping since October 7, 2023. They will heal our heroes' ailments            <\/div>\r\n         <\/div>\r\n\r\n         <div class=\"read-more hidden\"><a class=\"btn-theme\" href=\"https:\/\/netsah1948.com\/en\/les-kines-du-coeur-que-netsah-aide-depuis-le-7-octobre-2023\/\">Read more<\/a><\/div>\r\n         \r\n      <\/div>\r\n   <\/article>   \r\n<\/div>\r\n\r\n  \r\n<div class=\"item-columns all evenements nos-actions\">\r\n   <article id=\"post-6010\" class=\"post post-6010 type-post status-publish format-gallery has-post-thumbnail hentry category-evenements category-nos-actions post_format-post-format-gallery\">\r\n      <div class=\"post-thumbnail\">\r\n         <img loading=\"lazy\" decoding=\"async\" width=\"372\" height=\"318\" src=\"https:\/\/netsah1948.com\/wp-content\/uploads\/2025\/04\/Capture-decran-2025-04-30-a-09.12.08.png\" class=\"attachment-large size-large wp-post-image\" alt=\"Hanouccah 2024 distribution de cadeaux \u00e0 500 enfants\" \/>      <\/div>   \r\n\r\n      <div class=\"entry-content\">\r\n         <div class=\"content-inner\">\r\n            \r\n            <h2 class=\"entry-title\"><a href=\"https:\/\/netsah1948.com\/en\/hanouccah-2024-distribution-de-cadeaux-a-110-enfants-dans-lorphelinat-dafula-2\/\" rel=\"bookmark\">Hanukkah 2024 gifts for 500 children<\/a><\/h2>\r\n            \r\n            <div class=\"entry-meta\">\r\n                                <span class=\"cat-links\"><a href=\"https:\/\/netsah1948.com\/en\/category\/evenements\/\" rel=\"category tag\">Events<\/a>, <a href=\"https:\/\/netsah1948.com\/en\/category\/nos-actions\/\" rel=\"category tag\">Our actions<\/a><\/span>\r\n                  <span class=\"line\"><\/span>\r\n                              <span class=\"entry-date\"><a href=\"https:\/\/netsah1948.com\/en\/hanouccah-2024-distribution-de-cadeaux-a-110-enfants-dans-lorphelinat-dafula-2\/\" rel=\"bookmark\"><time class=\"entry-date\" datetime=\"2025-04-30T07:12:58+00:00\">April 30, 2025<\/time><\/a><\/span>            <\/div> \r\n\r\n            <div class=\"entry-description\">\r\n               Hanukkah 2024 distribution of gifts to 500 children from Afula ashkelon Ashdod Jerusalem Natanya Sderot Netivot Hadera            <\/div>\r\n         <\/div>\r\n\r\n         <div class=\"read-more hidden\"><a class=\"btn-theme\" href=\"https:\/\/netsah1948.com\/en\/hanouccah-2024-distribution-de-cadeaux-a-110-enfants-dans-lorphelinat-dafula-2\/\">Read more<\/a><\/div>\r\n         \r\n      <\/div>\r\n   <\/article>   \r\n<\/div>\r\n\r\n  \r\n<div class=\"item-columns all evenements news nos-actions\">\r\n   <article id=\"post-5982\" class=\"post post-5982 type-post status-publish format-gallery has-post-thumbnail hentry category-evenements category-news category-nos-actions post_format-post-format-gallery\">\r\n      <div class=\"post-thumbnail\">\r\n         <img loading=\"lazy\" decoding=\"async\" width=\"900\" height=\"900\" src=\"https:\/\/netsah1948.com\/wp-content\/uploads\/2024\/10\/PHOTO-2024-10-21-08-48-50-1024x1024.jpg\" class=\"attachment-large size-large wp-post-image\" alt=\"530 personnes r\u00e9unies pour le spectacle de Shirel Sayegh \u00ab\u00a0YENTL and me\" \/>      <\/div>   \r\n\r\n      <div class=\"entry-content\">\r\n         <div class=\"content-inner\">\r\n            \r\n            <h2 class=\"entry-title\"><a href=\"https:\/\/netsah1948.com\/en\/530-personnes-reunies-pour-le-spectacle-de-shirel-sayegh-yentl-and-me\/\" rel=\"bookmark\">530 people gathered for Shirel Sayegh's show \u00abYENTL and me<\/a><\/h2>\r\n            \r\n            <div class=\"entry-meta\">\r\n                                <span class=\"cat-links\"><a href=\"https:\/\/netsah1948.com\/en\/category\/evenements\/\" rel=\"category tag\">Events<\/a>, <a href=\"https:\/\/netsah1948.com\/en\/category\/news\/\" rel=\"category tag\">News<\/a>, <a href=\"https:\/\/netsah1948.com\/en\/category\/nos-actions\/\" rel=\"category tag\">Our actions<\/a><\/span>\r\n                  <span class=\"line\"><\/span>\r\n                              <span class=\"entry-date\"><a href=\"https:\/\/netsah1948.com\/en\/530-personnes-reunies-pour-le-spectacle-de-shirel-sayegh-yentl-and-me\/\" rel=\"bookmark\"><time class=\"entry-date\" datetime=\"2025-04-30T06:48:06+00:00\">April 30, 2025<\/time><\/a><\/span>            <\/div> \r\n\r\n            <div class=\"entry-description\">\r\n               December 8, 2024 Nice 530 people gather for Shirel Sayegh's \u00abYENTL and me\u00bb show\u00bb            <\/div>\r\n         <\/div>\r\n\r\n         <div class=\"read-more hidden\"><a class=\"btn-theme\" href=\"https:\/\/netsah1948.com\/en\/530-personnes-reunies-pour-le-spectacle-de-shirel-sayegh-yentl-and-me\/\">Read more<\/a><\/div>\r\n         \r\n      <\/div>\r\n   <\/article>   \r\n<\/div>\r\n\r\n  \r\n<div class=\"item-columns all evenements news\">\r\n   <article id=\"post-5876\" class=\"post post-5876 type-post status-publish format-gallery has-post-thumbnail hentry category-evenements category-news post_format-post-format-gallery\">\r\n      <div class=\"post-thumbnail\">\r\n         <img loading=\"lazy\" decoding=\"async\" width=\"900\" height=\"900\" src=\"https:\/\/netsah1948.com\/wp-content\/uploads\/2024\/12\/Capture-decran-2024-12-28-a-10.49.17-1024x1024.png\" class=\"attachment-large size-large wp-post-image\" alt=\"Voyage NETSAH solidarit\u00e9 Mars 2025\u00a0\" \/>      <\/div>   \r\n\r\n      <div class=\"entry-content\">\r\n         <div class=\"content-inner\">\r\n            \r\n            <h2 class=\"entry-title\"><a href=\"https:\/\/netsah1948.com\/en\/voyage-netsah-solidarite\/\" rel=\"bookmark\">Voyage NETSAH solidarit\u00e9 Mars 2025\u00a0<\/a><\/h2>\r\n            \r\n            <div class=\"entry-meta\">\r\n                                <span class=\"cat-links\"><a href=\"https:\/\/netsah1948.com\/en\/category\/evenements\/\" rel=\"category tag\">Events<\/a>, <a href=\"https:\/\/netsah1948.com\/en\/category\/news\/\" rel=\"category tag\">News<\/a><\/span>\r\n                  <span class=\"line\"><\/span>\r\n                              <span class=\"entry-date\"><a href=\"https:\/\/netsah1948.com\/en\/voyage-netsah-solidarite\/\" rel=\"bookmark\"><time class=\"entry-date\" datetime=\"2025-01-18T09:54:36+00:00\">January 18, 2025<\/time><\/a><\/span>            <\/div> \r\n\r\n            <div class=\"entry-description\">\r\n               Ce voyage aura 2 objectifs: d\u2019abord le Nord et le Golan ensuite Jerusalem et le Sud. Et pour finir le Chabbath dans le Negev.            <\/div>\r\n         <\/div>\r\n\r\n         <div class=\"read-more hidden\"><a class=\"btn-theme\" href=\"https:\/\/netsah1948.com\/en\/voyage-netsah-solidarite\/\">Read more<\/a><\/div>\r\n         \r\n      <\/div>\r\n   <\/article>   \r\n<\/div>\r\n\r\n  \r\n<div class=\"item-columns all evenements news\">\r\n   <article id=\"post-5805\" class=\"post post-5805 type-post status-publish format-standard has-post-thumbnail hentry category-evenements category-news\">\r\n      <div class=\"post-thumbnail\">\r\n         <img loading=\"lazy\" decoding=\"async\" width=\"900\" height=\"900\" src=\"https:\/\/netsah1948.com\/wp-content\/uploads\/2024\/10\/web-1-1024x1024.jpg\" class=\"attachment-large size-large wp-post-image\" alt=\"Parrainez une famille meurtrie par la guerre.\" \/>      <\/div>   \r\n\r\n      <div class=\"entry-content\">\r\n         <div class=\"content-inner\">\r\n            \r\n            <h2 class=\"entry-title\"><a href=\"https:\/\/netsah1948.com\/en\/parrainer-une-famille-meurtrie\/\" rel=\"bookmark\">Parrainez une famille meurtrie par la guerre.<\/a><\/h2>\r\n            \r\n            <div class=\"entry-meta\">\r\n                                <span class=\"cat-links\"><a href=\"https:\/\/netsah1948.com\/en\/category\/evenements\/\" rel=\"category tag\">Events<\/a>, <a href=\"https:\/\/netsah1948.com\/en\/category\/news\/\" rel=\"category tag\">News<\/a><\/span>\r\n                  <span class=\"line\"><\/span>\r\n                              <span class=\"entry-date\"><a href=\"https:\/\/netsah1948.com\/en\/parrainer-une-famille-meurtrie\/\" rel=\"bookmark\"><time class=\"entry-date\" datetime=\"2024-10-01T14:18:54+00:00\">October 1, 2024<\/time><\/a><\/span>            <\/div> \r\n\r\n            <div class=\"entry-description\">\r\n               Notre association est d\u00e9j\u00e0 reconnue pour son s\u00e9rieux, son honn\u00eatet\u00e9 et la rapidit\u00e9 de ses r\u00e9ponses. La plupart des aides financi\u00e8res viennent des particuliers.            <\/div>\r\n         <\/div>\r\n\r\n         <div class=\"read-more hidden\"><a class=\"btn-theme\" href=\"https:\/\/netsah1948.com\/en\/parrainer-une-famille-meurtrie\/\">Read more<\/a><\/div>\r\n         \r\n      <\/div>\r\n   <\/article>   \r\n<\/div>\r\n\r\n          <\/div>\r\n      <\/div>\r\n                <div class=\"pagination\">\r\n              <div class=\"column one pager_wrapper\"><div class=\"pager\"><div class=\"paginations\"><a href=\"https:\/\/netsah1948.com\/en\/wp-json\/wp\/v2\/pages\/5961\/\" class=\"page-item active\">1<\/a><a href=\"https:\/\/netsah1948.com\/en\/wp-json\/wp\/v2\/pages\/5961\/page\/2\/\" class=\"page-item\">2<\/a><a class=\"next_page\" href=\"https:\/\/netsah1948.com\/en\/wp-json\/wp\/v2\/pages\/5961\/page\/2\/\"><i class=\"gv-icon-165\"><\/i><\/a><\/div><\/div><\/div>\n          <\/div>\r\n        <\/div>\r\n  <\/div>\t\t\t\t<\/div>\n\t\t\t\t<\/div>\n\t\t\t\t<\/div>\n\t\t\t\t<\/div>","protected":false},"excerpt":{"rendered":"<p>Voyage NETSAH solidarit\u00e9 Mars 2025\u00a0 Ev\u00e9nements, News janvier 18, 2025 Ce voyage aura 2 objectifs: d\u2019abord le Nord et le Golan ensuite Jerusalem et le Sud. Et pour finir le Chabbath dans le Negev. En savoir +<\/p>","protected":false},"author":1,"featured_media":0,"parent":0,"menu_order":0,"comment_status":"closed","ping_status":"closed","template":"","meta":{"give_campaign_id":0,"footnotes":""},"class_list":["post-5961","page","type-page","status-publish","hentry"],"yoast_head":"<!-- This site is optimized with the Yoast SEO plugin v27.2 - https:\/\/yoast.com\/product\/yoast-seo-wordpress\/ -->\n<title>Evenements - NETSAH 1948<\/title>\n<meta name=\"robots\" content=\"index, follow, max-snippet:-1, max-image-preview:large, max-video-preview:-1\" \/>\n<link rel=\"canonical\" href=\"https:\/\/netsah1948.com\/en\/evenements\/\" \/>\n<meta property=\"og:locale\" content=\"en_US\" \/>\n<meta property=\"og:type\" content=\"article\" \/>\n<meta property=\"og:title\" content=\"Evenements - NETSAH 1948\" \/>\n<meta property=\"og:description\" content=\"Voyage NETSAH solidarit\u00e9 Mars 2025\u00a0 Ev\u00e9nements, News janvier 18, 2025 Ce voyage aura 2 objectifs: d\u2019abord le Nord et le Golan ensuite Jerusalem et le Sud. Et pour finir le Chabbath dans le Negev. En savoir +\" \/>\n<meta property=\"og:url\" content=\"https:\/\/netsah1948.com\/en\/evenements\/\" \/>\n<meta property=\"og:site_name\" content=\"NETSAH 1948\" \/>\n<meta property=\"article:modified_time\" content=\"2025-04-28T11:22:33+00:00\" \/>\n<meta property=\"og:image\" content=\"https:\/\/netsah1948.com\/wp-content\/uploads\/2024\/12\/Capture-decran-2024-12-28-a-10.49.17-1024x1024.png\" \/>\n<meta name=\"twitter:card\" content=\"summary_large_image\" \/>\n<script type=\"application\/ld+json\" class=\"yoast-schema-graph\">{\"@context\":\"https:\/\/schema.org\",\"@graph\":[{\"@type\":\"WebPage\",\"@id\":\"https:\/\/netsah1948.com\/evenements\/\",\"url\":\"https:\/\/netsah1948.com\/evenements\/\",\"name\":\"Evenements - NETSAH 1948\",\"isPartOf\":{\"@id\":\"https:\/\/netsah1948.com\/#website\"},\"primaryImageOfPage\":{\"@id\":\"https:\/\/netsah1948.com\/evenements\/#primaryimage\"},\"image\":{\"@id\":\"https:\/\/netsah1948.com\/evenements\/#primaryimage\"},\"thumbnailUrl\":\"https:\/\/netsah1948.com\/wp-content\/uploads\/2024\/12\/Capture-decran-2024-12-28-a-10.49.17-1024x1024.png\",\"datePublished\":\"2025-04-28T07:45:49+00:00\",\"dateModified\":\"2025-04-28T11:22:33+00:00\",\"breadcrumb\":{\"@id\":\"https:\/\/netsah1948.com\/evenements\/#breadcrumb\"},\"inLanguage\":\"en-US\",\"potentialAction\":[{\"@type\":\"ReadAction\",\"target\":[\"https:\/\/netsah1948.com\/evenements\/\"]}]},{\"@type\":\"ImageObject\",\"inLanguage\":\"en-US\",\"@id\":\"https:\/\/netsah1948.com\/evenements\/#primaryimage\",\"url\":\"https:\/\/netsah1948.com\/wp-content\/uploads\/2024\/12\/Capture-decran-2024-12-28-a-10.49.17-1024x1024.png\",\"contentUrl\":\"https:\/\/netsah1948.com\/wp-content\/uploads\/2024\/12\/Capture-decran-2024-12-28-a-10.49.17-1024x1024.png\"},{\"@type\":\"BreadcrumbList\",\"@id\":\"https:\/\/netsah1948.com\/evenements\/#breadcrumb\",\"itemListElement\":[{\"@type\":\"ListItem\",\"position\":1,\"name\":\"Accueil\",\"item\":\"https:\/\/netsah1948.com\/\"},{\"@type\":\"ListItem\",\"position\":2,\"name\":\"Evenements\"}]},{\"@type\":\"WebSite\",\"@id\":\"https:\/\/netsah1948.com\/#website\",\"url\":\"https:\/\/netsah1948.com\/\",\"name\":\"NETSAH 1948\",\"description\":\"Association NETSAH 1948\",\"potentialAction\":[{\"@type\":\"SearchAction\",\"target\":{\"@type\":\"EntryPoint\",\"urlTemplate\":\"https:\/\/netsah1948.com\/?s={search_term_string}\"},\"query-input\":{\"@type\":\"PropertyValueSpecification\",\"valueRequired\":true,\"valueName\":\"search_term_string\"}}],\"inLanguage\":\"en-US\"}]}<\/script>\n<!-- \/ Yoast SEO plugin. -->","yoast_head_json":{"title":"Evenements - NETSAH 1948","robots":{"index":"index","follow":"follow","max-snippet":"max-snippet:-1","max-image-preview":"max-image-preview:large","max-video-preview":"max-video-preview:-1"},"canonical":"https:\/\/netsah1948.com\/en\/evenements\/","og_locale":"en_US","og_type":"article","og_title":"Evenements - NETSAH 1948","og_description":"Voyage NETSAH solidarit\u00e9 Mars 2025\u00a0 Ev\u00e9nements, News janvier 18, 2025 Ce voyage aura 2 objectifs: d\u2019abord le Nord et le Golan ensuite Jerusalem et le Sud. Et pour finir le Chabbath dans le Negev. En savoir +","og_url":"https:\/\/netsah1948.com\/en\/evenements\/","og_site_name":"NETSAH 1948","article_modified_time":"2025-04-28T11:22:33+00:00","og_image":[{"url":"https:\/\/netsah1948.com\/wp-content\/uploads\/2024\/12\/Capture-decran-2024-12-28-a-10.49.17-1024x1024.png","type":"","width":"","height":""}],"twitter_card":"summary_large_image","schema":{"@context":"https:\/\/schema.org","@graph":[{"@type":"WebPage","@id":"https:\/\/netsah1948.com\/evenements\/","url":"https:\/\/netsah1948.com\/evenements\/","name":"Evenements - NETSAH 1948","isPartOf":{"@id":"https:\/\/netsah1948.com\/#website"},"primaryImageOfPage":{"@id":"https:\/\/netsah1948.com\/evenements\/#primaryimage"},"image":{"@id":"https:\/\/netsah1948.com\/evenements\/#primaryimage"},"thumbnailUrl":"https:\/\/netsah1948.com\/wp-content\/uploads\/2024\/12\/Capture-decran-2024-12-28-a-10.49.17-1024x1024.png","datePublished":"2025-04-28T07:45:49+00:00","dateModified":"2025-04-28T11:22:33+00:00","breadcrumb":{"@id":"https:\/\/netsah1948.com\/evenements\/#breadcrumb"},"inLanguage":"en-US","potentialAction":[{"@type":"ReadAction","target":["https:\/\/netsah1948.com\/evenements\/"]}]},{"@type":"ImageObject","inLanguage":"en-US","@id":"https:\/\/netsah1948.com\/evenements\/#primaryimage","url":"https:\/\/netsah1948.com\/wp-content\/uploads\/2024\/12\/Capture-decran-2024-12-28-a-10.49.17-1024x1024.png","contentUrl":"https:\/\/netsah1948.com\/wp-content\/uploads\/2024\/12\/Capture-decran-2024-12-28-a-10.49.17-1024x1024.png"},{"@type":"BreadcrumbList","@id":"https:\/\/netsah1948.com\/evenements\/#breadcrumb","itemListElement":[{"@type":"ListItem","position":1,"name":"Accueil","item":"https:\/\/netsah1948.com\/"},{"@type":"ListItem","position":2,"name":"Evenements"}]},{"@type":"WebSite","@id":"https:\/\/netsah1948.com\/#website","url":"https:\/\/netsah1948.com\/","name":"NETSAH 1948","description":"Association NETSAH 1948","potentialAction":[{"@type":"SearchAction","target":{"@type":"EntryPoint","urlTemplate":"https:\/\/netsah1948.com\/?s={search_term_string}"},"query-input":{"@type":"PropertyValueSpecification","valueRequired":true,"valueName":"search_term_string"}}],"inLanguage":"en-US"}]}},"campaignId":"","_links":{"self":[{"href":"https:\/\/netsah1948.com\/en\/wp-json\/wp\/v2\/pages\/5961","targetHints":{"allow":["GET"]}}],"collection":[{"href":"https:\/\/netsah1948.com\/en\/wp-json\/wp\/v2\/pages"}],"about":[{"href":"https:\/\/netsah1948.com\/en\/wp-json\/wp\/v2\/types\/page"}],"author":[{"embeddable":true,"href":"https:\/\/netsah1948.com\/en\/wp-json\/wp\/v2\/users\/1"}],"replies":[{"embeddable":true,"href":"https:\/\/netsah1948.com\/en\/wp-json\/wp\/v2\/comments?post=5961"}],"version-history":[{"count":0,"href":"https:\/\/netsah1948.com\/en\/wp-json\/wp\/v2\/pages\/5961\/revisions"}],"wp:attachment":[{"href":"https:\/\/netsah1948.com\/en\/wp-json\/wp\/v2\/media?parent=5961"}],"curies":[{"name":"wp","href":"https:\/\/api.w.org\/{rel}","templated":true}]}}