{"id":5966,"date":"2025-04-28T11:17:25","date_gmt":"2025-04-28T11:17:25","guid":{"rendered":"https:\/\/netsah1948.com\/?page_id=5966"},"modified":"2025-04-28T11:25:26","modified_gmt":"2025-04-28T11:25:26","slug":"tv-radio","status":"publish","type":"page","link":"https:\/\/netsah1948.com\/en\/tv-radio\/","title":{"rendered":"TV &#038; Radio"},"content":{"rendered":"<div data-elementor-type=\"wp-page\" data-elementor-id=\"5966\" class=\"elementor elementor-5966\">\n\t\t\t\t<div class=\"elementor-element elementor-element-2847797 e-flex e-con-boxed e-con e-parent\" data-id=\"2847797\" data-element_type=\"container\" data-e-type=\"container\">\n\t\t\t\t\t<div class=\"e-con-inner\">\n\t\t\t\t<div class=\"elementor-element elementor-element-5c7e6f7 elementor-widget elementor-widget-gva-posts\" data-id=\"5c7e6f7\" data-element_type=\"widget\" data-e-type=\"widget\" data-widget_type=\"gva-posts.default\">\n\t\t\t\t<div class=\"elementor-widget-container\">\n\t\t\t\t\t<div class=\"gva-element-gva-posts gva-element\">  \r\n  <div class=\"gva-posts-grid clearfix gva-posts\">\r\n      <div class=\"gva-content-items\"> \r\n        <div class=\"lg-block-grid-2 md-block-grid-2 sm-block-grid-2 xs-block-grid-1\">\r\n          \r\n<div class=\"item-columns all tv-radio\">\r\n   <article id=\"post-6410\" class=\"post post-6410 type-post status-publish format-standard has-post-thumbnail hentry category-tv-radio\">\r\n      <div class=\"post-thumbnail\">\r\n         <img fetchpriority=\"high\" decoding=\"async\" width=\"745\" height=\"348\" src=\"https:\/\/netsah1948.com\/wp-content\/uploads\/2026\/03\/Capture-decran-2026-03-26-a-07.07.56.png\" class=\"attachment-full size-full wp-post-image\" alt=\"Dr Bruno Lellouche &#8211; L&rsquo;invit\u00e9 d&rsquo;Ilana Ferhadian du 03\/02\/26 Radio J\" \/>      <\/div>   \r\n\r\n      <div class=\"entry-content\">\r\n         <div class=\"content-inner\">\r\n            \r\n            <h2 class=\"entry-title\"><a href=\"https:\/\/netsah1948.com\/en\/dr-bruno-lellouche-linvite-dilana-ferhadian-du-03-02-26\/\" rel=\"bookmark\">Dr Bruno Lellouche &#8211; L&rsquo;invit\u00e9 d&rsquo;Ilana Ferhadian du 03\/02\/26 Radio J<\/a><\/h2>\r\n            \r\n            <div class=\"entry-meta\">\r\n                                <span class=\"cat-links\"><a href=\"https:\/\/netsah1948.com\/en\/category\/tv-radio\/\" rel=\"category tag\">TV \/ Radio<\/a><\/span>\r\n                  <span class=\"line\"><\/span>\r\n                              <span class=\"entry-date\"><a href=\"https:\/\/netsah1948.com\/en\/dr-bruno-lellouche-linvite-dilana-ferhadian-du-03-02-26\/\" rel=\"bookmark\"><time class=\"entry-date\" datetime=\"2026-03-06T06:05:44+00:00\">March 6, 2026<\/time><\/a><\/span>            <\/div> \r\n\r\n            <div class=\"entry-description\">\r\n               Dr Bruno Lellouche - L'invit\u00e9 d'Ilana Ferhadian du 03\/02\/26            <\/div>\r\n         <\/div>\r\n\r\n         <div class=\"read-more hidden\"><a class=\"btn-theme\" href=\"https:\/\/netsah1948.com\/en\/dr-bruno-lellouche-linvite-dilana-ferhadian-du-03-02-26\/\">Read more<\/a><\/div>\r\n         \r\n      <\/div>\r\n   <\/article>   \r\n<\/div>\r\n\r\n  \r\n<div class=\"item-columns all tv-radio\">\r\n   <article id=\"post-6380\" class=\"post post-6380 type-post status-publish format-standard has-post-thumbnail hentry category-tv-radio\">\r\n      <div class=\"post-thumbnail\">\r\n         <img decoding=\"async\" width=\"1498\" height=\"846\" src=\"https:\/\/netsah1948.com\/wp-content\/uploads\/2026\/02\/Capture-decran-2026-02-28-a-16.22.47.png\" class=\"attachment-full size-full wp-post-image\" alt=\"Netsah, toujours aux c\u00f4t\u00e9s des francophones d&rsquo;Isra\u00ebl &#8211; Isra\u00ebl Tsedaka by Qualita\" \/>      <\/div>   \r\n\r\n      <div class=\"entry-content\">\r\n         <div class=\"content-inner\">\r\n            \r\n            <h2 class=\"entry-title\"><a href=\"https:\/\/netsah1948.com\/en\/netsah-toujours-aux-cotes-des-francophones-disrael-israel-tsedaka-by-qualita\/\" rel=\"bookmark\">Netsah, toujours aux c\u00f4t\u00e9s des francophones d&rsquo;Isra\u00ebl &#8211; Isra\u00ebl Tsedaka by Qualita<\/a><\/h2>\r\n            \r\n            <div class=\"entry-meta\">\r\n                                <span class=\"cat-links\"><a href=\"https:\/\/netsah1948.com\/en\/category\/tv-radio\/\" rel=\"category tag\">TV \/ Radio<\/a><\/span>\r\n                  <span class=\"line\"><\/span>\r\n                              <span class=\"entry-date\"><a href=\"https:\/\/netsah1948.com\/en\/netsah-toujours-aux-cotes-des-francophones-disrael-israel-tsedaka-by-qualita\/\" rel=\"bookmark\"><time class=\"entry-date\" datetime=\"2026-02-28T15:21:18+00:00\">February 28, 2026<\/time><\/a><\/span>            <\/div> \r\n\r\n            <div class=\"entry-description\">\r\n               \nNetsah, toujours aux c\u00f4t\u00e9s des francophones d'Isra\u00ebl - Isra\u00ebl Tsedaka by Qualita            <\/div>\r\n         <\/div>\r\n\r\n         <div class=\"read-more hidden\"><a class=\"btn-theme\" href=\"https:\/\/netsah1948.com\/en\/netsah-toujours-aux-cotes-des-francophones-disrael-israel-tsedaka-by-qualita\/\">Read more<\/a><\/div>\r\n         \r\n      <\/div>\r\n   <\/article>   \r\n<\/div>\r\n\r\n  \r\n<div class=\"item-columns all tv-radio\">\r\n   <article id=\"post-6375\" class=\"post post-6375 type-post status-publish format-standard has-post-thumbnail hentry category-tv-radio\">\r\n      <div class=\"post-thumbnail\">\r\n         <img decoding=\"async\" width=\"2544\" height=\"1532\" src=\"https:\/\/netsah1948.com\/wp-content\/uploads\/2026\/02\/Capture-decran-2026-02-28-a-16.19.00.png\" class=\"attachment-full size-full wp-post-image\" alt=\"Bruno Lellouche : \u00abIsra\u00ebl est toujours la pointe de l\u2019\u00e9p\u00e9e et c\u2019est important de le comprendre\u00bb\" \/>      <\/div>   \r\n\r\n      <div class=\"entry-content\">\r\n         <div class=\"content-inner\">\r\n            \r\n            <h2 class=\"entry-title\"><a href=\"https:\/\/netsah1948.com\/en\/bruno-lellouche-israel-est-toujours-la-pointe-de-lepee-et-cest-important-de-le-comprendre\/\" rel=\"bookmark\">Bruno Lellouche : \u00abIsra\u00ebl est toujours la pointe de l\u2019\u00e9p\u00e9e et c\u2019est important de le comprendre\u00bb<\/a><\/h2>\r\n            \r\n            <div class=\"entry-meta\">\r\n                                <span class=\"cat-links\"><a href=\"https:\/\/netsah1948.com\/en\/category\/tv-radio\/\" rel=\"category tag\">TV \/ Radio<\/a><\/span>\r\n                  <span class=\"line\"><\/span>\r\n                              <span class=\"entry-date\"><a href=\"https:\/\/netsah1948.com\/en\/bruno-lellouche-israel-est-toujours-la-pointe-de-lepee-et-cest-important-de-le-comprendre\/\" rel=\"bookmark\"><time class=\"entry-date\" datetime=\"2026-02-28T15:18:32+00:00\">February 28, 2026<\/time><\/a><\/span>            <\/div> \r\n\r\n            <div class=\"entry-description\">\r\n               \nBruno Lellouche : \u00abIsra\u00ebl est toujours la pointe de l\u2019\u00e9p\u00e9e et c\u2019est important de le comprendre\u00bb            <\/div>\r\n         <\/div>\r\n\r\n         <div class=\"read-more hidden\"><a class=\"btn-theme\" href=\"https:\/\/netsah1948.com\/en\/bruno-lellouche-israel-est-toujours-la-pointe-de-lepee-et-cest-important-de-le-comprendre\/\">Read more<\/a><\/div>\r\n         \r\n      <\/div>\r\n   <\/article>   \r\n<\/div>\r\n\r\n  \r\n<div class=\"item-columns all news tv-radio\">\r\n   <article id=\"post-6219\" class=\"post post-6219 type-post status-publish format-gallery has-post-thumbnail hentry category-news category-tv-radio post_format-post-format-gallery\">\r\n      <div class=\"post-thumbnail\">\r\n         <img loading=\"lazy\" decoding=\"async\" width=\"1786\" height=\"1012\" src=\"https:\/\/netsah1948.com\/wp-content\/uploads\/2025\/05\/Capture-decran-2025-05-02-a-15.58.42.png\" class=\"attachment-full size-full wp-post-image\" alt=\"Yom Haatsmaout \u2013 Notre combat, notre fiert\u00e9\" \/>      <\/div>   \r\n\r\n      <div class=\"entry-content\">\r\n         <div class=\"content-inner\">\r\n            \r\n            <h2 class=\"entry-title\"><a href=\"https:\/\/netsah1948.com\/en\/yom-haatsmaout-notre-combat-notre-fierte\/\" rel=\"bookmark\">Yom Haatsmaout - Our struggle, our pride<\/a><\/h2>\r\n            \r\n            <div class=\"entry-meta\">\r\n                                <span class=\"cat-links\"><a href=\"https:\/\/netsah1948.com\/en\/category\/news\/\" rel=\"category tag\">News<\/a>, <a href=\"https:\/\/netsah1948.com\/en\/category\/tv-radio\/\" rel=\"category tag\">TV \/ Radio<\/a><\/span>\r\n                  <span class=\"line\"><\/span>\r\n                              <span class=\"entry-date\"><a href=\"https:\/\/netsah1948.com\/en\/yom-haatsmaout-notre-combat-notre-fierte\/\" rel=\"bookmark\"><time class=\"entry-date\" datetime=\"2025-05-02T13:57:07+00:00\">May 2, 2025<\/time><\/a><\/span>            <\/div> \r\n\r\n            <div class=\"entry-description\">\r\n               On April 30, we celebrate the independence of a state. We celebrate the strength of a people who refuse to bend, even when history seeks to erase them.\nIsrael is not just land:            <\/div>\r\n         <\/div>\r\n\r\n         <div class=\"read-more hidden\"><a class=\"btn-theme\" href=\"https:\/\/netsah1948.com\/en\/yom-haatsmaout-notre-combat-notre-fierte\/\">Read more<\/a><\/div>\r\n         \r\n      <\/div>\r\n   <\/article>   \r\n<\/div>\r\n\r\n  \r\n<div class=\"item-columns all news tv-radio\">\r\n   <article id=\"post-6214\" class=\"post post-6214 type-post status-publish format-gallery has-post-thumbnail hentry category-news category-tv-radio post_format-post-format-gallery\">\r\n      <div class=\"post-thumbnail\">\r\n         <img loading=\"lazy\" decoding=\"async\" width=\"1171\" height=\"646\" src=\"https:\/\/netsah1948.com\/wp-content\/uploads\/2025\/05\/Capture-decran-2025-05-02-a-15.55.28.png\" class=\"attachment-full size-full wp-post-image\" alt=\"A NOS H\u00c9ROS FRANCO \ud83c\uddeb\ud83c\uddf7\ud83c\uddee\ud83c\uddf1 ISRA\u00c9LIENS TOMB\u00c9S AU COMBAT DEPUIS LE 7 OCTOBRE 2023.\" \/>      <\/div>   \r\n\r\n      <div class=\"entry-content\">\r\n         <div class=\"content-inner\">\r\n            \r\n            <h2 class=\"entry-title\"><a href=\"https:\/\/netsah1948.com\/en\/a-nos-heros-franco-%f0%9f%87%ab%f0%9f%87%b7%f0%9f%87%ae%f0%9f%87%b1-israeliens-tombes-au-combat-depuis-le-7-octobre-2023\/\" rel=\"bookmark\">TO OUR FALLEN FRANCO-ISRAELI HEROES \ud83c\uddeb\ud83c\uddf7\ud83c\uddee\ud83c\uddf1 SINCE OCTOBER 7, 2023.<\/a><\/h2>\r\n            \r\n            <div class=\"entry-meta\">\r\n                                <span class=\"cat-links\"><a href=\"https:\/\/netsah1948.com\/en\/category\/news\/\" rel=\"category tag\">News<\/a>, <a href=\"https:\/\/netsah1948.com\/en\/category\/tv-radio\/\" rel=\"category tag\">TV \/ Radio<\/a><\/span>\r\n                  <span class=\"line\"><\/span>\r\n                              <span class=\"entry-date\"><a href=\"https:\/\/netsah1948.com\/en\/a-nos-heros-franco-%f0%9f%87%ab%f0%9f%87%b7%f0%9f%87%ae%f0%9f%87%b1-israeliens-tombes-au-combat-depuis-le-7-octobre-2023\/\" rel=\"bookmark\"><time class=\"entry-date\" datetime=\"2025-05-02T13:55:06+00:00\">May 2, 2025<\/time><\/a><\/span>            <\/div> \r\n\r\n            <div class=\"entry-description\">\r\n               Netsah and Tsedek give hope to young people in distress - Israel Tsedaka by Qualita 2025            <\/div>\r\n         <\/div>\r\n\r\n         <div class=\"read-more hidden\"><a class=\"btn-theme\" href=\"https:\/\/netsah1948.com\/en\/a-nos-heros-franco-%f0%9f%87%ab%f0%9f%87%b7%f0%9f%87%ae%f0%9f%87%b1-israeliens-tombes-au-combat-depuis-le-7-octobre-2023\/\">Read more<\/a><\/div>\r\n         \r\n      <\/div>\r\n   <\/article>   \r\n<\/div>\r\n\r\n  \r\n<div class=\"item-columns all news tv-radio\">\r\n   <article id=\"post-6209\" class=\"post post-6209 type-post status-publish format-gallery has-post-thumbnail hentry category-news category-tv-radio post_format-post-format-gallery\">\r\n      <div class=\"post-thumbnail\">\r\n         <img loading=\"lazy\" decoding=\"async\" width=\"585\" height=\"328\" src=\"https:\/\/netsah1948.com\/wp-content\/uploads\/2025\/05\/Capture-decran-2025-05-02-a-15.46.15.png\" class=\"attachment-full size-full wp-post-image\" alt=\"Netsah et Tsedek redonnent espoir \u00e0 des jeunes en d\u00e9tresse &#8211; Israel Tsedaka by Qualita 2025\" \/>      <\/div>   \r\n\r\n      <div class=\"entry-content\">\r\n         <div class=\"content-inner\">\r\n            \r\n            <h2 class=\"entry-title\"><a href=\"https:\/\/netsah1948.com\/en\/netsah-et-tsedek-redonnent-espoir-a-des-jeunes-en-detresse-israel-tsedaka-by-qualita-2025\/\" rel=\"bookmark\">Netsah and Tsedek give hope to young people in distress - Israel Tsedaka by Qualita 2025<\/a><\/h2>\r\n            \r\n            <div class=\"entry-meta\">\r\n                                <span class=\"cat-links\"><a href=\"https:\/\/netsah1948.com\/en\/category\/news\/\" rel=\"category tag\">News<\/a>, <a href=\"https:\/\/netsah1948.com\/en\/category\/tv-radio\/\" rel=\"category tag\">TV \/ Radio<\/a><\/span>\r\n                  <span class=\"line\"><\/span>\r\n                              <span class=\"entry-date\"><a href=\"https:\/\/netsah1948.com\/en\/netsah-et-tsedek-redonnent-espoir-a-des-jeunes-en-detresse-israel-tsedaka-by-qualita-2025\/\" rel=\"bookmark\"><time class=\"entry-date\" datetime=\"2025-05-02T13:46:46+00:00\">May 2, 2025<\/time><\/a><\/span>            <\/div> \r\n\r\n            <div class=\"entry-description\">\r\n               Netsah and Tsedek give hope to young people in distress - Israel Tsedaka by Qualita 2025            <\/div>\r\n         <\/div>\r\n\r\n         <div class=\"read-more hidden\"><a class=\"btn-theme\" href=\"https:\/\/netsah1948.com\/en\/netsah-et-tsedek-redonnent-espoir-a-des-jeunes-en-detresse-israel-tsedaka-by-qualita-2025\/\">Read more<\/a><\/div>\r\n         \r\n      <\/div>\r\n   <\/article>   \r\n<\/div>\r\n\r\n  \r\n<div class=\"item-columns all news tv-radio\">\r\n   <article id=\"post-6207\" class=\"post post-6207 type-post status-publish format-gallery has-post-thumbnail hentry category-news category-tv-radio post_format-post-format-gallery\">\r\n      <div class=\"post-thumbnail\">\r\n         <img loading=\"lazy\" decoding=\"async\" width=\"1400\" height=\"1400\" src=\"https:\/\/netsah1948.com\/wp-content\/uploads\/2025\/05\/8f488845-69f0-49d3-9c91-cc610809a590.jpg\" class=\"attachment-full size-full wp-post-image\" alt=\"Voyage Netsah en Isra\u00ebl, des moments d&rsquo;\u00e9motion\" \/>      <\/div>   \r\n\r\n      <div class=\"entry-content\">\r\n         <div class=\"content-inner\">\r\n            \r\n            <h2 class=\"entry-title\"><a href=\"https:\/\/netsah1948.com\/en\/voyage-netsah-en-israel-des-moments-demotion-2\/\" rel=\"bookmark\">Netsah trip to Israel, emotional moments<\/a><\/h2>\r\n            \r\n            <div class=\"entry-meta\">\r\n                                <span class=\"cat-links\"><a href=\"https:\/\/netsah1948.com\/en\/category\/news\/\" rel=\"category tag\">News<\/a>, <a href=\"https:\/\/netsah1948.com\/en\/category\/tv-radio\/\" rel=\"category tag\">TV \/ Radio<\/a><\/span>\r\n                  <span class=\"line\"><\/span>\r\n                              <span class=\"entry-date\"><a href=\"https:\/\/netsah1948.com\/en\/voyage-netsah-en-israel-des-moments-demotion-2\/\" rel=\"bookmark\"><time class=\"entry-date\" datetime=\"2025-05-02T13:46:44+00:00\">May 2, 2025<\/time><\/a><\/span>            <\/div> \r\n\r\n            <div class=\"entry-description\">\r\n               Netsah trip to Israel, emotional moments recounted by Dr Bruno Lellouche - Ilana Ferhadian's guest on 04\/04\/25            <\/div>\r\n         <\/div>\r\n\r\n         <div class=\"read-more hidden\"><a class=\"btn-theme\" href=\"https:\/\/netsah1948.com\/en\/voyage-netsah-en-israel-des-moments-demotion-2\/\">Read more<\/a><\/div>\r\n         \r\n      <\/div>\r\n   <\/article>   \r\n<\/div>\r\n\r\n  \r\n<div class=\"item-columns all news tv-radio\">\r\n   <article id=\"post-6202\" class=\"post post-6202 type-post status-publish format-gallery has-post-thumbnail hentry category-news category-tv-radio post_format-post-format-gallery\">\r\n      <div class=\"post-thumbnail\">\r\n         <img loading=\"lazy\" decoding=\"async\" width=\"1400\" height=\"1400\" src=\"https:\/\/netsah1948.com\/wp-content\/uploads\/2025\/05\/8f488845-69f0-49d3-9c91-cc610809a590.jpg\" class=\"attachment-full size-full wp-post-image\" alt=\"Voyage Netsah en Isra\u00ebl, des moments d&rsquo;\u00e9motion\" \/>      <\/div>   \r\n\r\n      <div class=\"entry-content\">\r\n         <div class=\"content-inner\">\r\n            \r\n            <h2 class=\"entry-title\"><a href=\"https:\/\/netsah1948.com\/en\/voyage-netsah-en-israel-des-moments-demotion\/\" rel=\"bookmark\">Netsah trip to Israel, emotional moments<\/a><\/h2>\r\n            \r\n            <div class=\"entry-meta\">\r\n                                <span class=\"cat-links\"><a href=\"https:\/\/netsah1948.com\/en\/category\/news\/\" rel=\"category tag\">News<\/a>, <a href=\"https:\/\/netsah1948.com\/en\/category\/tv-radio\/\" rel=\"category tag\">TV \/ Radio<\/a><\/span>\r\n                  <span class=\"line\"><\/span>\r\n                              <span class=\"entry-date\"><a href=\"https:\/\/netsah1948.com\/en\/voyage-netsah-en-israel-des-moments-demotion\/\" rel=\"bookmark\"><time class=\"entry-date\" datetime=\"2025-05-02T13:43:33+00:00\">May 2, 2025<\/time><\/a><\/span>            <\/div> \r\n\r\n            <div class=\"entry-description\">\r\n               Netsah trip to Israel, emotional moments recounted by Dr Bruno Lellouche - Ilana Ferhadian's guest on 04\/04\/25            <\/div>\r\n         <\/div>\r\n\r\n         <div class=\"read-more hidden\"><a class=\"btn-theme\" href=\"https:\/\/netsah1948.com\/en\/voyage-netsah-en-israel-des-moments-demotion\/\">Read more<\/a><\/div>\r\n         \r\n      <\/div>\r\n   <\/article>   \r\n<\/div>\r\n\r\n          <\/div>\r\n      <\/div>\r\n                <div class=\"pagination\">\r\n              <div class=\"column one pager_wrapper\"><div class=\"pager\"><div class=\"paginations\"><a href=\"https:\/\/netsah1948.com\/en\/wp-json\/wp\/v2\/pages\/5966\/\" class=\"page-item active\">1<\/a><a href=\"https:\/\/netsah1948.com\/en\/wp-json\/wp\/v2\/pages\/5966\/page\/2\/\" class=\"page-item\">2<\/a><a href=\"https:\/\/netsah1948.com\/en\/wp-json\/wp\/v2\/pages\/5966\/page\/3\/\" class=\"page-item\">3<\/a><a class=\"next_page\" href=\"https:\/\/netsah1948.com\/en\/wp-json\/wp\/v2\/pages\/5966\/page\/2\/\"><i class=\"gv-icon-165\"><\/i><\/a><\/div><\/div><\/div>\n          <\/div>\r\n        <\/div>\r\n  <\/div>\t\t\t\t<\/div>\n\t\t\t\t<\/div>\n\t\t\t\t\t<\/div>\n\t\t\t\t<\/div>\n\t\t\t\t<\/div>","protected":false},"excerpt":{"rendered":"<p>Podcast RcnRadio Meir Laloum, Responsable du forum des otages \u00e0 Paris et Bruno Lellouche, Pr\u00e9sident de NetsahNetsah, agir pour Isra\u00ebl News, TV \/ Radio septembre 11, 2024 Meir Laloum, Responsable du forum des otages \u00e0 Paris et Bruno Lellouche, Pr\u00e9sident de Netsah En savoir + Rassemblement contre l\u2019antis\u00e9mitisme \u00e0 Paris : \u00abSi \u00e7a continue ainsi, [&hellip;]<\/p>\n","protected":false},"author":1,"featured_media":0,"parent":0,"menu_order":0,"comment_status":"closed","ping_status":"closed","template":"","meta":{"give_campaign_id":0,"footnotes":""},"class_list":["post-5966","page","type-page","status-publish","hentry"],"yoast_head":"<!-- This site is optimized with the Yoast SEO plugin v27.2 - https:\/\/yoast.com\/product\/yoast-seo-wordpress\/ -->\n<title>TV &amp; Radio - NETSAH 1948<\/title>\n<meta name=\"robots\" content=\"index, follow, max-snippet:-1, max-image-preview:large, max-video-preview:-1\" \/>\n<link rel=\"canonical\" href=\"https:\/\/netsah1948.com\/en\/tv-radio\/\" \/>\n<meta property=\"og:locale\" content=\"en_US\" \/>\n<meta property=\"og:type\" content=\"article\" \/>\n<meta property=\"og:title\" content=\"TV &amp; Radio - NETSAH 1948\" \/>\n<meta property=\"og:description\" content=\"Podcast RcnRadio Meir Laloum, Responsable du forum des otages \u00e0 Paris et Bruno Lellouche, Pr\u00e9sident de NetsahNetsah, agir pour Isra\u00ebl News, TV \/ Radio septembre 11, 2024 Meir Laloum, Responsable du forum des otages \u00e0 Paris et Bruno Lellouche, Pr\u00e9sident de Netsah En savoir + Rassemblement contre l\u2019antis\u00e9mitisme \u00e0 Paris : \u00abSi \u00e7a continue ainsi, [&hellip;]\" \/>\n<meta property=\"og:url\" content=\"https:\/\/netsah1948.com\/en\/tv-radio\/\" \/>\n<meta property=\"og:site_name\" content=\"NETSAH 1948\" \/>\n<meta property=\"article:modified_time\" content=\"2025-04-28T11:25:26+00:00\" \/>\n<meta property=\"og:image\" content=\"https:\/\/netsah1948.com\/wp-content\/uploads\/2024\/09\/Capture-decran-2024-09-11-a-07.39.39.png\" \/>\n<meta name=\"twitter:card\" content=\"summary_large_image\" \/>\n<script type=\"application\/ld+json\" class=\"yoast-schema-graph\">{\"@context\":\"https:\/\/schema.org\",\"@graph\":[{\"@type\":\"WebPage\",\"@id\":\"https:\/\/netsah1948.com\/tv-radio\/\",\"url\":\"https:\/\/netsah1948.com\/tv-radio\/\",\"name\":\"TV & Radio - NETSAH 1948\",\"isPartOf\":{\"@id\":\"https:\/\/netsah1948.com\/#website\"},\"primaryImageOfPage\":{\"@id\":\"https:\/\/netsah1948.com\/tv-radio\/#primaryimage\"},\"image\":{\"@id\":\"https:\/\/netsah1948.com\/tv-radio\/#primaryimage\"},\"thumbnailUrl\":\"https:\/\/netsah1948.com\/wp-content\/uploads\/2024\/09\/Capture-decran-2024-09-11-a-07.39.39.png\",\"datePublished\":\"2025-04-28T11:17:25+00:00\",\"dateModified\":\"2025-04-28T11:25:26+00:00\",\"breadcrumb\":{\"@id\":\"https:\/\/netsah1948.com\/tv-radio\/#breadcrumb\"},\"inLanguage\":\"en-US\",\"potentialAction\":[{\"@type\":\"ReadAction\",\"target\":[\"https:\/\/netsah1948.com\/tv-radio\/\"]}]},{\"@type\":\"ImageObject\",\"inLanguage\":\"en-US\",\"@id\":\"https:\/\/netsah1948.com\/tv-radio\/#primaryimage\",\"url\":\"https:\/\/netsah1948.com\/wp-content\/uploads\/2024\/09\/Capture-decran-2024-09-11-a-07.39.39.png\",\"contentUrl\":\"https:\/\/netsah1948.com\/wp-content\/uploads\/2024\/09\/Capture-decran-2024-09-11-a-07.39.39.png\"},{\"@type\":\"BreadcrumbList\",\"@id\":\"https:\/\/netsah1948.com\/tv-radio\/#breadcrumb\",\"itemListElement\":[{\"@type\":\"ListItem\",\"position\":1,\"name\":\"Accueil\",\"item\":\"https:\/\/netsah1948.com\/\"},{\"@type\":\"ListItem\",\"position\":2,\"name\":\"TV &#038; Radio\"}]},{\"@type\":\"WebSite\",\"@id\":\"https:\/\/netsah1948.com\/#website\",\"url\":\"https:\/\/netsah1948.com\/\",\"name\":\"NETSAH 1948\",\"description\":\"Association NETSAH 1948\",\"potentialAction\":[{\"@type\":\"SearchAction\",\"target\":{\"@type\":\"EntryPoint\",\"urlTemplate\":\"https:\/\/netsah1948.com\/?s={search_term_string}\"},\"query-input\":{\"@type\":\"PropertyValueSpecification\",\"valueRequired\":true,\"valueName\":\"search_term_string\"}}],\"inLanguage\":\"en-US\"}]}<\/script>\n<!-- \/ Yoast SEO plugin. -->","yoast_head_json":{"title":"TV & Radio - NETSAH 1948","robots":{"index":"index","follow":"follow","max-snippet":"max-snippet:-1","max-image-preview":"max-image-preview:large","max-video-preview":"max-video-preview:-1"},"canonical":"https:\/\/netsah1948.com\/en\/tv-radio\/","og_locale":"en_US","og_type":"article","og_title":"TV & Radio - NETSAH 1948","og_description":"Podcast RcnRadio Meir Laloum, Responsable du forum des otages \u00e0 Paris et Bruno Lellouche, Pr\u00e9sident de NetsahNetsah, agir pour Isra\u00ebl News, TV \/ Radio septembre 11, 2024 Meir Laloum, Responsable du forum des otages \u00e0 Paris et Bruno Lellouche, Pr\u00e9sident de Netsah En savoir + Rassemblement contre l\u2019antis\u00e9mitisme \u00e0 Paris : \u00abSi \u00e7a continue ainsi, [&hellip;]","og_url":"https:\/\/netsah1948.com\/en\/tv-radio\/","og_site_name":"NETSAH 1948","article_modified_time":"2025-04-28T11:25:26+00:00","og_image":[{"url":"https:\/\/netsah1948.com\/wp-content\/uploads\/2024\/09\/Capture-decran-2024-09-11-a-07.39.39.png","type":"","width":"","height":""}],"twitter_card":"summary_large_image","schema":{"@context":"https:\/\/schema.org","@graph":[{"@type":"WebPage","@id":"https:\/\/netsah1948.com\/tv-radio\/","url":"https:\/\/netsah1948.com\/tv-radio\/","name":"TV & Radio - NETSAH 1948","isPartOf":{"@id":"https:\/\/netsah1948.com\/#website"},"primaryImageOfPage":{"@id":"https:\/\/netsah1948.com\/tv-radio\/#primaryimage"},"image":{"@id":"https:\/\/netsah1948.com\/tv-radio\/#primaryimage"},"thumbnailUrl":"https:\/\/netsah1948.com\/wp-content\/uploads\/2024\/09\/Capture-decran-2024-09-11-a-07.39.39.png","datePublished":"2025-04-28T11:17:25+00:00","dateModified":"2025-04-28T11:25:26+00:00","breadcrumb":{"@id":"https:\/\/netsah1948.com\/tv-radio\/#breadcrumb"},"inLanguage":"en-US","potentialAction":[{"@type":"ReadAction","target":["https:\/\/netsah1948.com\/tv-radio\/"]}]},{"@type":"ImageObject","inLanguage":"en-US","@id":"https:\/\/netsah1948.com\/tv-radio\/#primaryimage","url":"https:\/\/netsah1948.com\/wp-content\/uploads\/2024\/09\/Capture-decran-2024-09-11-a-07.39.39.png","contentUrl":"https:\/\/netsah1948.com\/wp-content\/uploads\/2024\/09\/Capture-decran-2024-09-11-a-07.39.39.png"},{"@type":"BreadcrumbList","@id":"https:\/\/netsah1948.com\/tv-radio\/#breadcrumb","itemListElement":[{"@type":"ListItem","position":1,"name":"Accueil","item":"https:\/\/netsah1948.com\/"},{"@type":"ListItem","position":2,"name":"TV &#038; Radio"}]},{"@type":"WebSite","@id":"https:\/\/netsah1948.com\/#website","url":"https:\/\/netsah1948.com\/","name":"NETSAH 1948","description":"Association NETSAH 1948","potentialAction":[{"@type":"SearchAction","target":{"@type":"EntryPoint","urlTemplate":"https:\/\/netsah1948.com\/?s={search_term_string}"},"query-input":{"@type":"PropertyValueSpecification","valueRequired":true,"valueName":"search_term_string"}}],"inLanguage":"en-US"}]}},"campaignId":"","_links":{"self":[{"href":"https:\/\/netsah1948.com\/en\/wp-json\/wp\/v2\/pages\/5966","targetHints":{"allow":["GET"]}}],"collection":[{"href":"https:\/\/netsah1948.com\/en\/wp-json\/wp\/v2\/pages"}],"about":[{"href":"https:\/\/netsah1948.com\/en\/wp-json\/wp\/v2\/types\/page"}],"author":[{"embeddable":true,"href":"https:\/\/netsah1948.com\/en\/wp-json\/wp\/v2\/users\/1"}],"replies":[{"embeddable":true,"href":"https:\/\/netsah1948.com\/en\/wp-json\/wp\/v2\/comments?post=5966"}],"version-history":[{"count":0,"href":"https:\/\/netsah1948.com\/en\/wp-json\/wp\/v2\/pages\/5966\/revisions"}],"wp:attachment":[{"href":"https:\/\/netsah1948.com\/en\/wp-json\/wp\/v2\/media?parent=5966"}],"curies":[{"name":"wp","href":"https:\/\/api.w.org\/{rel}","templated":true}]}}